{"id":2750,"date":"2023-09-17T12:30:47","date_gmt":"2023-09-17T12:30:47","guid":{"rendered":"https:\/\/flightmode-gin.com\/?page_id=2750"},"modified":"2023-09-17T12:35:54","modified_gmt":"2023-09-17T12:35:54","slug":"teilnahmebedingungen-fuer-online-gewinnspiele-auf-instagram%ef%bf%bc","status":"publish","type":"page","link":"https:\/\/flightmode-gin.com\/en\/teilnahmebedingungen-fuer-online-gewinnspiele-auf-instagram%ef%bf%bc\/","title":{"rendered":"Teilnahmebedingungen f\u00fcr Online-Gewinnspiele auf Instagram"},"content":{"rendered":"<h2 class=\"wp-block-heading\">Teilnahmebedingungen<\/h2>\n\n\n\n<h3 class=\"wp-block-heading\">&nbsp;<\/h3>\n\n\n\n<h3 class=\"wp-block-heading\">1. Scope of application<\/h3>\n\n\n\n<p>Diese Teilnahmebedingungen gelten f\u00fcr alle Gewinnspiele, die durch Flight Mode Spirits e.K., Baroper Stra\u00dfe 337a, 44227 Dortmund (nachfolgend \u201eVeranstalter\u201c) durchgef\u00fchrt werden. Jeder Teilnehmer erkennt mit der Teilnahme diese Teilnahmebedingungen an.<\/p>\n\n\n\n<p>Dieses Gewinnspiel steht in keiner Verbindung zu Instagram. Es wird in keiner Weise von Instagram gesponsert, unterst\u00fctzt oder organisiert und begr\u00fcndet keinerlei Rechtsanspr\u00fcche gegen\u00fcber Instagram. S\u00e4mtliche Informationen im Rahmen dieses Gewinnspiels werden ausschlie\u00dflich vom Veranstalter bereitgestellt.<\/p>\n\n\n\n<h3 class=\"wp-block-heading\">&nbsp;<\/h3>\n\n\n\n<h3 class=\"wp-block-heading\">2. Teilnahme<\/h3>\n\n\n\n<p>2.1 Teilnahmeberechtigt ist jede nat\u00fcrliche Person in eigenem Namen mit einem Mindestalter von 18 Jahren. <\/p>\n\n\n\n<p>2.2 Von der Teilnahme ausgeschlossen sind Minderj\u00e4hrige, die j\u00fcnger als 18 Jahre sind und Gesch\u00e4ftsunf\u00e4hige.<\/p>\n\n\n\n<p>2.3 Der Veranstalter beh\u00e4lt sich vor, Personen von der Teilnahme auszuschlie\u00dfen, die gegen diese Teilnahmebedingungen versto\u00dfen oder sich durch unzul\u00e4ssige Beeinflussung oder Manipulation des Gewinnspiels einen Vorteil gegen\u00fcber anderen Teilnehmern verschaffen oder verschaffen wollen. Der Veranstalter kann Teilnehmer in diesen F\u00e4llen auch nachtr\u00e4glich vom Gewinnspiel ausschlie\u00dfen, Gewinne aberkennen und diese zur\u00fcckfordern.<\/p>\n\n\n\n<p>2.4 Die Teilnahme ist nur innerhalb der in der Gewinnspielbeschreibung genannten Frist m\u00f6glich. Jeder Teilnehmer darf nur einmal an einem identischen Gewinnspiel teilnehmen.<\/p>\n\n\n\n<p>2.5 Von der Teilnahme am Gewinnspiel ausgeschlossen sind Mitarbeiter des Gewinnspielveranstalters, sowie Mitarbeiter der an diesem Gewinnspiel beteiligten Unternehmen und deren direkten Angeh\u00f6rige.<\/p>\n\n\n\n<h3 class=\"wp-block-heading\">&nbsp;<\/h3>\n\n\n\n<h3 class=\"wp-block-heading\">3. Durchf\u00fchrung des Gewinnspiels<\/h3>\n\n\n\n<p>3.1 Voraussetzung f\u00fcr die Teilnahme am Gewinnspiel ist das Folgen des Instagram-Kanals des Veranstalters. Sollte eine weitere Voraussetzung f\u00fcr die Teilnahme am Gewinnspiel erforderlich sein, so ist dies direkt bei der Mitmachm\u00f6glichkeit am Gewinnspiel mitgeteilt. Das Gewinnspiel wird in dem genannten Zeitraum durchgef\u00fchrt. Es werden alle Teilnehmer am Gewinnspiel ber\u00fccksichtigt, die bis zum jeweiligen Zeitpunkt der Auslosung die unter Ziffer 2 und 3 genannten Voraussetzungen erf\u00fcllen. Unmittelbar nach Ablauf der Teilnahmefrist wird der Gewinner unter den Teilnehmern nach dem Zufallsprinzip ausgelost.<\/p>\n\n\n\n<p>3.2 Eine \u00c4nderung oder Barauszahlung des Preises ist ausgeschlossen. Der Gewinn ist nicht \u00fcbertragbar.<\/p>\n\n\n\n<h3 class=\"wp-block-heading\">&nbsp;<\/h3>\n\n\n\n<h3 class=\"wp-block-heading\">4. Gewinnabwicklung<\/h3>\n\n\n\n<p>4.1 Der Gewinner wird per E-Mail oder auf elektronischem Weg vom Veranstalter benachrichtigt. Hinsichtlich des Gewinns gilt, dass jeder so benachrichtigte Teilnehmer verpflichtet ist, innerhalb von einem Monat nach Versand der Benachrichtigung dem Veranstalter mitzuteilen, ob er den Gewinn annimmt. Falls der Veranstalter innerhalb dieser Frist keine entsprechende Nachricht erh\u00e4lt, verf\u00e4llt die M\u00f6glichkeit der Annahme des Gewinns und der Veranstalter beh\u00e4lt sich vor, einen anderen Teilnehmer zu ermitteln und entsprechend zu benachrichtigen.<\/p>\n\n\n\n<p>4.2 Sollten die angegebenen Kontaktm\u00f6glichkeiten des Teilnehmers fehlerhaft sein (z.B. E-Mailadresse) ist der Veranstalter nicht verpflichtet, die richtigen Daten zu ermitteln. Die Nachteile, die sich aus der Angabe fehlerhafter Kontaktdaten (z.B. fehlerhafte E-Mailadresse) ergeben, gehen zu Lasten des Teilnehmers.<\/p>\n\n\n\n<h3 class=\"wp-block-heading\">&nbsp;<\/h3>\n\n\n\n<h3 class=\"wp-block-heading\">5. M\u00e4ngelhaftung<\/h3>\n\n\n\n<p>F\u00fcr Sch\u00e4den, die dem Gewinner aufgrund von Sach- und\/oder Rechtsm\u00e4ngeln entstehen, haftet der Veranstalter nur bei Arglist, Vorsatz oder grober Fahrl\u00e4ssigkeit. Im \u00dcbrigen ist eine Haftung wegen Sach- und\/oder Rechtsm\u00e4ngeln ausgeschlossen.<\/p>\n\n\n\n<h3 class=\"wp-block-heading\">&nbsp;<\/h3>\n\n\n\n<h3 class=\"wp-block-heading\">6. Vorzeitige Beendigung, Anpassung oder \u00c4nderung des Gewinnspiels<\/h3>\n\n\n\n<p>Der Veranstalter ist berechtigt, das Gewinnspiel jederzeit ohne Vorank\u00fcndigung und ohne Angabe von Gr\u00fcnden vorzeitig zu beenden, anzupassen oder abzu\u00e4ndern, wenn eine ordnungsgem\u00e4\u00dfe Durchf\u00fchrung des Gewinnspiels ohne entsprechende Ma\u00dfnahmen aus technischen oder rechtlichen Gr\u00fcnden nicht gew\u00e4hrleistet werden kann.<\/p>\n\n\n\n<h3 class=\"wp-block-heading\">&nbsp;<\/h3>\n\n\n\n<h3 class=\"wp-block-heading\">7. Anwendbares Recht<\/h3>\n\n\n\n<p>F\u00fcr s\u00e4mtliche Rechtsbeziehungen der Parteien gilt das Recht der Bundesrepublik Deutschland. Bei Verbrauchern gilt diese Rechtswahl nur insoweit, als nicht der gew\u00e4hrte Schutz durch zwingende Bestimmungen des Rechts des Staates, in dem der Verbraucher seinen gew\u00f6hnlichen Aufenthalt hat, entzogen wird.<\/p>\n\n\n\n<h3 class=\"wp-block-heading\">&nbsp;<\/h3>\n\n\n\n<h3 class=\"wp-block-heading\">8. Datenschutz<\/h3>\n\n\n\n<p>Verantwortlich f\u00fcr Datenverarbeitungen im Zusammenhang mit dem Gewinnspiel ist:<\/p>\n\n\n\n<p>Flight Mode Spirits e.K.<br>Baroper Stra\u00dfe 337a<br>44227 Dortmund<\/p>\n\n\n\n<p>Der benannte Verantwortliche ist f\u00fcr die Datenverarbeitungen auf der Instagram-Fanseite, auf der das Gewinnspiel veranstaltet wird, zusammen mit Instagram (Plattformbetreiber ist die Facebook Ireland Ltd., 4 Grand Canal Square, Grand Canal Harbour, Dublin 2 Ireland) gemeinsam verantwortlich i.S.d. Art. 26 DSGVO.<\/p>\n\n\n\n<p>8.1. Verarbeitung Ihrer personenbezogenen Daten im Rahmen des Gewinnspiels<\/p>\n\n\n\n<p>Wir verarbeiten Ihre personenbezogenen Daten zur ordnungsgem\u00e4\u00dfen Durchf\u00fchrung und Abwicklung des Gewinnspiels und insbesondere zur Versendung des Gewinns.<\/p>\n\n\n\n<p>Zur Durchf\u00fchrung des Gewinnspiels werden der Profilname, und, sofern vorhanden, Vor- und Nachname des jeweiligen Teilnehmers erhoben und gespeichert. Zur Versendung des Gewinns erheben wir von dem Gewinner\/den Gewinnern zus\u00e4tzlich den Namen und Vornamen sowie die Anschrift und geben diese Daten an ein von uns beauftragtes Versandunternehmen weiter. Eine dar\u00fcberhinausgehende Weitergabe Ihrer Daten an Dritte erfolgt nicht.<\/p>\n\n\n\n<p>Rechtsgrundlage f\u00fcr diese Verarbeitungen Ihrer personenbezogenen Daten ist Art. 6 Abs. 1 lit. b DSGVO (Durchf\u00fchrung vorvertraglicher Ma\u00dfnahmen und Erf\u00fcllung eines Vertrages).<\/p>\n\n\n\n<p>Sofern wir den Vor- und Zunamen des Gewinners\/der Gewinner separat auf unserem Profil bzw. unserer Fanseite ver\u00f6ffentlichen oder extern, etwa in unserem Online-Shop, bekannt geben, erfolgt dies nur bei Vorliegen einer vorher eingeholten, ausdr\u00fccklichen Einwilligung des Gewinners\/der Gewinner gem\u00e4\u00df Art. 6 Abs. 1 lit. a DSGVO.<\/p>\n\n\n\n<p>8.2. Speicherdauer<\/p>\n\n\n\n<p>Nach Beendigung des Gewinnspiels werden Ihre im Rahmen des Gewinnspiels verarbeiteten personenbezogenen Daten sp\u00e4testens drei Monate nach dem Ende des Gewinnspiels gel\u00f6scht, sofern keine wirksame Einwilligung zur Weiterverarbeitung (etwa bez\u00fcglich des Newsletter-Versandes) vorliegt und\/oder unsererseits kein berechtigtes Interesse an der Weiterspeicherung fortbesteht.<\/p>\n\n\n\n<p>8.3. Ihre Betroffenenrechte<\/p>\n\n\n\n<p>Das geltende Datenschutzrecht r\u00e4umt Ihnen die nachstehend aufgef\u00fchrten Betroffenenrechte ein:<\/p>\n\n\n\n<p>&#8211; Auskunftsrecht gem\u00e4\u00df Art. 15 DSGVO:<\/p>\n\n\n\n<p>Sie haben insbesondere ein Recht auf Auskunft \u00fcber Ihre von uns verarbeiteten personenbezogenen Daten, die Verarbeitungszwecke, die Kategorien der verarbeiteten personenbezogenen Daten, die Empf\u00e4nger oder Kategorien von Empf\u00e4ngern, gegen\u00fcber denen Ihre Daten offengelegt wurden oder werden, die geplante Speicherdauer bzw. die Kriterien f\u00fcr die Festlegung der Speicherdauer, das Bestehen eines Rechts auf Berichtigung, L\u00f6schung, Einschr\u00e4nkung der Verarbeitung, Widerspruch gegen die Verarbeitung, Beschwerde bei einer Aufsichtsbeh\u00f6rde, die Herkunft Ihrer Daten, wenn diese nicht durch uns bei Ihnen erhoben wurden, das Bestehen einer automatisierten Entscheidungsfindung einschlie\u00dflich Profiling und ggf. aussagekr\u00e4ftige Informationen \u00fcber die involvierte Logik und die Sie betreffende Tragweite und die angestrebten Auswirkungen einer solchen Verarbeitung, sowie Ihr Recht auf Unterrichtung, welche Garantien gem\u00e4\u00df Art. 46 DSGVO bei Weiterleitung Ihrer Daten in Drittl\u00e4nder bestehen;<\/p>\n\n\n\n<p>&#8211; Recht auf Berichtigung gem\u00e4\u00df Art. 16 DSGVO:<\/p>\n\n\n\n<p>Sie haben ein Recht auf unverz\u00fcgliche Berichtigung Sie betreffender unrichtiger Daten und\/oder Vervollst\u00e4ndigung Ihrer bei uns gespeicherten unvollst\u00e4ndigen Daten;<\/p>\n\n\n\n<p>&#8211; Recht auf L\u00f6schung gem\u00e4\u00df Art. 17 DSGVO:<\/p>\n\n\n\n<p>Sie haben das Recht, die L\u00f6schung Ihrer personenbezogenen Daten bei Vorliegen der Voraussetzungen des Art. 17 Abs. 1 DSGVO zu verlangen. Dieses Recht besteht jedoch insbesondere dann nicht, wenn die Verarbeitung zur Aus\u00fcbung des Rechts auf freie Meinungs\u00e4u\u00dferung und Information, zur Erf\u00fcllung einer rechtlichen Verpflichtung, aus Gr\u00fcnden des \u00f6ffentlichen Interesses oder zur Geltendmachung, Aus\u00fcbung oder Verteidigung von Rechtsanspr\u00fcchen erforderlich ist;<\/p>\n\n\n\n<p>&#8211; Recht auf Einschr\u00e4nkung der Verarbeitung gem\u00e4\u00df Art. 18 DSGVO:<\/p>\n\n\n\n<p>Sie haben das Recht, die Einschr\u00e4nkung der Verarbeitung Ihrer personenbezogenen Daten zu verlangen, solange die von Ihnen bestrittene Richtigkeit Ihrer Daten \u00fcberpr\u00fcft wird, wenn Sie eine L\u00f6schung Ihrer Daten wegen unzul\u00e4ssiger Datenverarbeitung ablehnen und stattdessen die Einschr\u00e4nkung der Verarbeitung Ihrer Daten verlangen, wenn Sie Ihre Daten zur Geltendmachung, Aus\u00fcbung oder Verteidigung von Rechtsanspr\u00fcchen ben\u00f6tigen, nachdem wir diese Daten nach Zweckerreichung nicht mehr ben\u00f6tigen oder wenn Sie Widerspruch aus Gr\u00fcnden Ihrer besonderen Situation eingelegt haben, solange noch nicht feststeht, ob unsere berechtigten Gr\u00fcnde \u00fcberwiegen;<\/p>\n\n\n\n<p>&#8211; Recht auf Unterrichtung gem\u00e4\u00df Art. 19 DSGVO:<\/p>\n\n\n\n<p>Haben Sie das Recht auf Berichtigung, L\u00f6schung oder Einschr\u00e4nkung der Verarbeitung gegen\u00fcber dem Verantwortlichen geltend gemacht, ist dieser verpflichtet, allen Empf\u00e4ngern, denen die Sie betreffenden personenbezogenen Daten offengelegt wurden, diese Berichtigung oder L\u00f6schung der Daten oder Einschr\u00e4nkung der Verarbeitung mitzuteilen, es sei denn, dies erweist sich als unm\u00f6glich oder ist mit einem unverh\u00e4ltnism\u00e4\u00dfigen Aufwand verbunden. Ihnen steht das Recht zu, \u00fcber diese Empf\u00e4nger unterrichtet zu werden.<\/p>\n\n\n\n<p>&#8211; Recht auf Daten\u00fcbertragbarkeit gem\u00e4\u00df Art. 20 DSGVO:<\/p>\n\n\n\n<p>Sie haben das Recht, Ihre personenbezogenen Daten, die Sie uns bereitgestellt haben, in einem strukturierten, g\u00e4ngigen und maschinenlesebaren Format zu erhalten oder die \u00dcbermittlung an einen anderen Verantwortlichen zu verlangen, soweit dies technisch machbar ist;<\/p>\n\n\n\n<p>&#8211; Recht auf Widerruf erteilter Einwilligungen gem\u00e4\u00df Art. 7 Abs. 3 DSGVO:<\/p>\n\n\n\n<p>Sie haben das Recht, eine einmal erteilte Einwilligung in die Verarbeitung von Daten jederzeit mit Wirkung f\u00fcr die Zukunft zu widerrufen. Im Falle des Widerrufs werden wir die betroffenen Daten unverz\u00fcglich l\u00f6schen, sofern eine weitere Verarbeitung nicht auf eine Rechtsgrundlage zur einwilligungslosen Verarbeitung gest\u00fctzt werden kann. Durch den Widerruf der Einwilligung wird die Rechtm\u00e4\u00dfigkeit der aufgrund der Einwilligung bis zum Widerruf erfolgten Verarbeitung nicht ber\u00fchrt;<\/p>\n\n\n\n<p>&#8211; Recht auf Beschwerde gem\u00e4\u00df Art. 77 DSGVO:<\/p>\n\n\n\n<p>Wenn Sie der Ansicht sind, dass die Verarbeitung der Sie betreffenden personenbezogenen Daten gegen die DSGVO verst\u00f6\u00dft, haben Sie &#8211; unbeschadet eines anderweitigen verwaltungsrechtlichen oder gerichtlichen Rechtsbehelfs &#8211; das Recht auf Beschwerde bei einer Aufsichtsbeh\u00f6rde, insbesondere in dem Mitgliedstaat Ihres Aufenthaltsortes, Ihres Arbeitsplatzes oder des Ortes des mutma\u00dflichen Versto\u00dfes.<\/p>","protected":false},"excerpt":{"rendered":"<p>Teilnahmebedingungen &nbsp; 1. Geltungsbereich Diese Teilnahmebedingungen gelten f\u00fcr alle Gewinnspiele, die durch Flight Mode Spirits e.K., Baroper Stra\u00dfe 337a, 44227 Dortmund (nachfolgend \u201eVeranstalter\u201c) durchgef\u00fchrt werden. Jeder Teilnehmer erkennt mit der Teilnahme diese Teilnahmebedingungen an. Dieses Gewinnspiel steht in keiner Verbindung zu Instagram. Es wird in keiner Weise von Instagram gesponsert, unterst\u00fctzt oder organisiert und begr\u00fcndet [&hellip;]<\/p>","protected":false},"author":1,"featured_media":0,"parent":0,"menu_order":0,"comment_status":"closed","ping_status":"closed","template":"","meta":{"_et_pb_use_builder":"","_et_pb_old_content":"","_et_gb_content_width":"","footnotes":""},"_links":{"self":[{"href":"https:\/\/flightmode-gin.com\/en\/wp-json\/wp\/v2\/pages\/2750"}],"collection":[{"href":"https:\/\/flightmode-gin.com\/en\/wp-json\/wp\/v2\/pages"}],"about":[{"href":"https:\/\/flightmode-gin.com\/en\/wp-json\/wp\/v2\/types\/page"}],"author":[{"embeddable":true,"href":"https:\/\/flightmode-gin.com\/en\/wp-json\/wp\/v2\/users\/1"}],"replies":[{"embeddable":true,"href":"https:\/\/flightmode-gin.com\/en\/wp-json\/wp\/v2\/comments?post=2750"}],"version-history":[{"count":2,"href":"https:\/\/flightmode-gin.com\/en\/wp-json\/wp\/v2\/pages\/2750\/revisions"}],"predecessor-version":[{"id":2754,"href":"https:\/\/flightmode-gin.com\/en\/wp-json\/wp\/v2\/pages\/2750\/revisions\/2754"}],"wp:attachment":[{"href":"https:\/\/flightmode-gin.com\/en\/wp-json\/wp\/v2\/media?parent=2750"}],"curies":[{"name":"wp","href":"https:\/\/api.w.org\/{rel}","templated":true}]}}