{"id":3006,"date":"2024-03-14T13:29:27","date_gmt":"2024-03-14T13:29:27","guid":{"rendered":"https:\/\/flightmode-gin.com\/?page_id=3006"},"modified":"2024-03-14T13:40:16","modified_gmt":"2024-03-14T13:40:16","slug":"versandbedingungen","status":"publish","type":"page","link":"https:\/\/flightmode-gin.com\/en\/versandbedingungen\/","title":{"rendered":"Shipping Policy"},"content":{"rendered":"<p>[et_pb_section fb_built=&#8220;1&#8243; admin_label=&#8220;About&#8220; _builder_version=&#8220;4.7.4&#8243; background_color=&#8220;rgba(255,255,255,0.5)&#8220; locked=&#8220;off&#8220;][et_pb_row _builder_version=&#8220;4.0.10&#8243; custom_margin=&#8220;-210px|auto||auto||&#8220;][et_pb_column type=&#8220;4_4&#8243; _builder_version=&#8220;4.0.10&#8243;][\/et_pb_column][\/et_pb_row][\/et_pb_section][et_pb_section fb_built=&#8220;1&#8243; _builder_version=&#8220;4.7.4&#8243; _module_preset=&#8220;default&#8220; background_video_mp4=&#8220;https:\/\/flightmode-gin.com\/wp-content\/uploads\/2020\/12\/Background.mp4&#8243; transform_scale=&#8220;101%|101%&#8220; transform_translate=&#8220;0px|-53px&#8220; transform_translate_linked=&#8220;off&#8220; width=&#8220;100%&#8220; min_height=&#8220;814px&#8220; max_height=&#8220;880px&#8220; custom_margin=&#8220;-48px||-189px|||&#8220; custom_padding=&#8220;||3px|||&#8220;][et_pb_row _builder_version=&#8220;4.7.4&#8243; _module_preset=&#8220;default&#8220; custom_padding=&#8220;||128px|||&#8220;][et_pb_column type=&#8220;4_4&#8243; _builder_version=&#8220;4.7.4&#8243; _module_preset=&#8220;default&#8220;][et_pb_image src=&#8220;https:\/\/flightmode-gin.com\/wp-content\/uploads\/2020\/11\/FM_Logo_gross-scaled.gif&#8220; title_text=&#8220;FM_Logo_gross&#8220; _builder_version=&#8220;4.7.4&#8243; _module_preset=&#8220;default&#8220; transform_scale=&#8220;116%|116%&#8220; transform_translate=&#8220;0px|-21px&#8220; transform_translate_linked=&#8220;off&#8220;][\/et_pb_image][\/et_pb_column][\/et_pb_row][\/et_pb_section][et_pb_section fb_built=&#8220;1&#8243; _builder_version=&#8220;4.7.4&#8243; _module_preset=&#8220;default&#8220;][et_pb_row _builder_version=&#8220;4.7.4&#8243; _module_preset=&#8220;default&#8220;][et_pb_column type=&#8220;4_4&#8243; _builder_version=&#8220;4.7.4&#8243; _module_preset=&#8220;default&#8220;][et_pb_text _builder_version=&#8220;4.7.4&#8243; _module_preset=&#8220;default&#8220; custom_padding=&#8220;22px||0px|||&#8220;]<\/p>\n<div class=\"shopify-policy__title\" style=\"text-align: justify;\"><\/div>\n<div class=\"shopify-policy__title\" style=\"text-align: justify;\">\n<h1><\/h1>\n<\/div>\n<p style=\"text-align: justify;\"><span style=\"text-align: left; font-size: 22px; text-transform: uppercase;\"><span color=\"#333333\" style=\"color: #333333;\"><b>Shipping Policy<\/b><\/span><\/span><\/p>\n<p style=\"text-align: left;\">Interpretation and Definitions<\/p>\n<p>Interpretation<\/p>\n<p>F\u00fcr die Zwecke dieses Haftungsausschlusses:<\/p>\n<p>\u25cf &#8222;Unternehmen&#8220; (in diesem Haftungsausschluss entweder als &#8222;das Unternehmen&#8220;, &#8222;wir&#8220;, &#8222;uns&#8220; oder &#8222;unser&#8220; bezeichnet) bezieht sich auf Flight Mode Spirits e.K.<br \/>\u25cf &#8222;Waren&#8220; bezieht sich auf die Artikel, die im Rahmen des Dienstes zum Verkauf angeboten werden.<br \/>\u25cf &#8222;Bestellungen&#8220; bedeutet eine Anfrage von Ihnen, Waren von uns zu kaufen.<br \/>\u25cf &#8222;Service&#8220; bezieht sich auf die Website.<br \/>Website&#8220; bezieht sich auf die Website flightmodegin.com, die \u00fcber https:\/\/flightmode-gin.com zug\u00e4nglich ist.<br \/>\u25cf &#8222;Sie&#8220; bezeichnet die Person, die auf den Service zugreift, oder das Unternehmen oder eine andere juristische Person, in deren Namen eine solche Person auf den Service zugreift oder ihn nutzt, je nach Fall.<\/p>\n<p>Vielen Dank f\u00fcr Ihren Besuch und Ihren Einkauf bei https:\/\/flightmode-gin.com. Die folgenden Bestimmungen und Bedingungen stellen unsere Versandpolitik dar.<\/p>\n<p><strong>Versandbedingungen innerhalb Deutschlands<\/strong><br \/>Bearbeitungszeiten f\u00fcr Sendungen<br \/><span style=\"font-size: 14px;\">Alle Bestellungen werden innerhalb von 1-3 Werktagen bearbeitet. Bestellungen werden nicht an Wochenenden oder Feiertagen versandt oder geliefert.<br \/><\/span><span style=\"font-size: 14px;\">Wenn wir ein hohes Auftragsvolumen haben, kann sich die Lieferung um einige Tage verz\u00f6gern. Bitte planen Sie zus\u00e4tzliche Tage f\u00fcr die Lieferung ein.<\/span><\/p>\n<p>&nbsp;<\/p>\n<p><strong>Nationale Versandtarife und gesch\u00e4tzte Lieferzeiten (nur Deutschland)<\/strong><\/p>\n<p>Die Versandkosten f\u00fcr Ihre Bestellungen werden an der Kasse berechnet und angezeigt.<\/p>\n<p>Versandart: DHL-Paket<br \/>Kosten f\u00fcr den Versand: 4,90\u20ac<\/p>\n<p>Bei Bestellungen mit einem Warenkorbwert von mindestens 55\u20ac entfallen die Versandkosten<br \/>Gesch\u00e4tzte Lieferzeit: 1-3 Arbeitstage<br \/>Es kann gelegentlich zu Lieferverz\u00f6gerungen kommen.<\/p>\n<p><strong>Internationale Versandtarife &amp; voraussichtliche Lieferzeiten<br \/><\/strong><span style=\"font-size: 14px;\">F\u00fcr den internationalen Versand kontaktieren Sie bitte kontakt@flightmode-gin.com f\u00fcr individuelle Versandtarife.<\/span><\/p>\n<p><strong>Versandbest\u00e4tigung &amp; Auftragsverfolgung<br \/><\/strong><span style=\"font-size: 14px;\">Sie erhalten eine Versandbest\u00e4tigung per E-Mail, sobald Ihre Bestellung versandt wurde, die Ihre Tracking-Nummer(n) enth\u00e4lt. Die Sendungsnummer wird innerhalb von 24 Stunden aktiviert.<\/span><\/p>\n<p><strong>Z\u00f6lle, Abgaben und Steuern<\/strong><br \/><span style=\"font-size: 14px;\">Flight Mode Spirits ist nicht verantwortlich f\u00fcr Z\u00f6lle und Steuern, die auf Ihre Bestellung erhoben werden. Alle Geb\u00fchren, die w\u00e4hrend oder nach dem Versand erhoben werden, liegen in der Verantwortung des Kunden (Z\u00f6lle, Steuern).<\/span><\/p>\n<p><strong>Schadensersatz<br \/><\/strong><span style=\"font-size: 14px;\">Flight Mode Spirits haftet nicht f\u00fcr Produkte, die w\u00e4hrend des Versands besch\u00e4digt werden oder verloren gehen. Wenn Sie Ihre Bestellung besch\u00e4digt erhalten haben, wenden Sie sich bitte an den Spediteur, um eine Reklamation einzureichen.<\/span><\/p>\n<p>Bitte bewahren Sie alle Verpackungsmaterialien und besch\u00e4digten Waren auf, bevor Sie eine Reklamation einreichen.<\/p>\n<p><strong>Kontaktieren Sie uns<span style=\"font-size: 14px;\">\u00a0<br \/><\/span><\/strong><span style=\"font-size: 14px;\">Wenn Sie Fragen zu dieser Versandrichtlinie haben, k\u00f6nnen Sie uns kontaktieren:<\/span><\/p>\n<p><span style=\"font-size: 14px;\">Besuchen Sie diese Seite auf unserer Website: <a href=\"https:\/\/flightmode-gin.com\/en\/kontakt\/\">https:\/\/flightmode-gin.com\/kontakt\/<\/a> oder schreiben Sie uns eine E-Mail an: kontakt@flightmode-gin.com<\/span><\/p>\n<p style=\"text-align: justify;\">\n<p>[\/et_pb_text][\/et_pb_column][\/et_pb_row][\/et_pb_section]<\/p>","protected":false},"excerpt":{"rendered":"<p>[et_pb_section fb_built=&#8220;1&#8243; admin_label=&#8220;About&#8220; _builder_version=&#8220;4.7.4&#8243; background_color=&#8220;rgba(255,255,255,0.5)&#8220; locked=&#8220;off&#8220;][et_pb_row _builder_version=&#8220;4.0.10&#8243; custom_margin=&#8220;-210px|auto||auto||&#8220;][et_pb_column type=&#8220;4_4&#8243; _builder_version=&#8220;4.0.10&#8243;][\/et_pb_column][\/et_pb_row][\/et_pb_section][et_pb_section fb_built=&#8220;1&#8243; _builder_version=&#8220;4.7.4&#8243; _module_preset=&#8220;default&#8220; background_video_mp4=&#8220;https:\/\/flightmode-gin.com\/wp-content\/uploads\/2020\/12\/Background.mp4&#8243; transform_scale=&#8220;101%|101%&#8220; transform_translate=&#8220;0px|-53px&#8220; transform_translate_linked=&#8220;off&#8220; width=&#8220;100%&#8220; min_height=&#8220;814px&#8220; max_height=&#8220;880px&#8220; custom_margin=&#8220;-48px||-189px|||&#8220; custom_padding=&#8220;||3px|||&#8220;][et_pb_row _builder_version=&#8220;4.7.4&#8243; _module_preset=&#8220;default&#8220; custom_padding=&#8220;||128px|||&#8220;][et_pb_column type=&#8220;4_4&#8243; _builder_version=&#8220;4.7.4&#8243; _module_preset=&#8220;default&#8220;][et_pb_image src=&#8220;https:\/\/flightmode-gin.com\/wp-content\/uploads\/2020\/11\/FM_Logo_gross-scaled.gif&#8220; title_text=&#8220;FM_Logo_gross&#8220; _builder_version=&#8220;4.7.4&#8243; _module_preset=&#8220;default&#8220; transform_scale=&#8220;116%|116%&#8220; transform_translate=&#8220;0px|-21px&#8220; transform_translate_linked=&#8220;off&#8220;][\/et_pb_image][\/et_pb_column][\/et_pb_row][\/et_pb_section][et_pb_section fb_built=&#8220;1&#8243; _builder_version=&#8220;4.7.4&#8243; _module_preset=&#8220;default&#8220;][et_pb_row _builder_version=&#8220;4.7.4&#8243; _module_preset=&#8220;default&#8220;][et_pb_column type=&#8220;4_4&#8243; _builder_version=&#8220;4.7.4&#8243; _module_preset=&#8220;default&#8220;][et_pb_text _builder_version=&#8220;4.7.4&#8243; _module_preset=&#8220;default&#8220; custom_padding=&#8220;22px||0px|||&#8220;] Versandbedingungen Auslegung und Definitionen Auslegung F\u00fcr die Zwecke dieses [&hellip;]<\/p>","protected":false},"author":1,"featured_media":0,"parent":0,"menu_order":0,"comment_status":"closed","ping_status":"closed","template":"","meta":{"_et_pb_use_builder":"on","_et_pb_old_content":"","_et_gb_content_width":"","footnotes":""},"_links":{"self":[{"href":"https:\/\/flightmode-gin.com\/en\/wp-json\/wp\/v2\/pages\/3006"}],"collection":[{"href":"https:\/\/flightmode-gin.com\/en\/wp-json\/wp\/v2\/pages"}],"about":[{"href":"https:\/\/flightmode-gin.com\/en\/wp-json\/wp\/v2\/types\/page"}],"author":[{"embeddable":true,"href":"https:\/\/flightmode-gin.com\/en\/wp-json\/wp\/v2\/users\/1"}],"replies":[{"embeddable":true,"href":"https:\/\/flightmode-gin.com\/en\/wp-json\/wp\/v2\/comments?post=3006"}],"version-history":[{"count":4,"href":"https:\/\/flightmode-gin.com\/en\/wp-json\/wp\/v2\/pages\/3006\/revisions"}],"predecessor-version":[{"id":3013,"href":"https:\/\/flightmode-gin.com\/en\/wp-json\/wp\/v2\/pages\/3006\/revisions\/3013"}],"wp:attachment":[{"href":"https:\/\/flightmode-gin.com\/en\/wp-json\/wp\/v2\/media?parent=3006"}],"curies":[{"name":"wp","href":"https:\/\/api.w.org\/{rel}","templated":true}]}}