{"id":1920,"date":"2021-07-09T15:18:36","date_gmt":"2021-07-09T15:18:36","guid":{"rendered":"https:\/\/flightmode-gin.com\/?post_type=product&#038;p=1920"},"modified":"2026-04-10T06:00:27","modified_gmt":"2026-04-10T06:00:27","slug":"granada_edition_50_cl","status":"publish","type":"product","link":"https:\/\/flightmode-gin.com\/en\/product\/granada_edition_50_cl\/","title":{"rendered":"Flight Mode Gin | 0,5 l Granada Edition 40% vol."},"content":{"rendered":"<p style=\"text-align: justify;\"><span style=\"font-size: 12pt;\"><strong>This exclusive, handcrafted, limited edition gin takes you on a relaxing journey to the Costa Tropical. <\/strong><\/span><\/p>\n<p style=\"text-align: justify;\"><span style=\"font-size: 12pt;\"><span style=\"text-align: left;\">The Costa Tropical stretches in southern Spain from the high mountains of the Sierra Nevada in Granada with the magnificent Alhambra to the Mediterranean. There are few places in the world where you can start the day on the ski slopes in the mountains and end it with a nightcap in a chiringuito <\/span><span style=\"text-align: left;\">[\u02a7iri\u014b\u02c8gito; spanish for beach bar]<\/span><span style=\"text-align: left;\">\u00a0. <\/span><\/span><\/p>\n<p style=\"text-align: justify;\"><span style=\"font-size: 12pt;\"><span style=\"text-align: left;\">Due to the subtropical climate, delicious fruit grows almost year-round in this unique European region. <\/span><span style=\"text-align: left;\">region produces delicious fruit almost all year round. Our gin captures exactly the casual beach feeling of this area with the wonderful interplay of the citrus notes of blood orange, bitter orange and mandarin. This is combined with the freshness of the mountains, which comes out finely in the finish with a hint of rosemary and spearmint. <\/span><\/span><\/p>\n<p><span style=\"font-size: 12pt;\">Each bottle is numbered and the batch is limited to 200 bottles.<\/span><\/p>","protected":false},"excerpt":{"rendered":"<p style=\"text-align: justify;\"><span style=\"font-size: 12pt;\"><strong>This exclusive, handcrafted, limited edition gin takes you on a relaxing journey to the Costa Tropical. <\/strong><\/span><\/p>\n<p style=\"text-align: justify;\"><span style=\"font-size: 12pt;\"><span style=\"text-align: left;\">The Costa Tropical stretches in southern Spain from the high mountains of the Sierra Nevada in Granada with the magnificent Alhambra to the Mediterranean. There are few places in the world where you can start the day on the ski slopes in the mountains and end it with a nightcap in a chiringuito <\/span><span style=\"text-align: left;\">[\u02a7iri\u014b\u02c8gito; spanish for beach bar]<\/span><span style=\"text-align: left;\">\u00a0. <\/span><\/span><\/p>\n<p style=\"text-align: justify;\"><span style=\"font-size: 12pt;\"><span style=\"text-align: left;\">Due to the subtropical climate, delicious fruit grows almost year-round in this unique European region. <\/span><span style=\"text-align: left;\">Our gin captures exactly the casual beach feel of this region with the wonderful interplay <strong>of citrus notes<\/strong> of <strong>blood orange<\/strong>, <strong>bitter orange<\/strong> and <strong>mandarin<\/strong> This is combined with the <strong>freshness<\/strong> of the mountains, which is subtly brought out in the finish with a hint of <strong>rosemary<\/strong> and <strong>spearmint<\/strong> . <\/span><\/span><\/p>\n<p><span style=\"font-size: 12pt;\">Each bottle is numbered and the batch is limited to 200 bottles.<\/span><\/p>","protected":false},"featured_media":3074,"comment_status":"open","ping_status":"closed","template":"","meta":{"_et_pb_use_builder":"off","_et_pb_old_content":"Dieser exklusive, handgemachte Gin in limitierter Edition nimmt Dich mit auf eine spannende Reise frei nach dem Motto \u00bbWest meets East\u00ab. Als ehemalige britische Kolonie verbindet Hongkong mit einer selbstverst\u00e4ndlichen Leichtigkeit in unserer Edition die klassischen Wacholdernoten des Gins mit den fern\u00f6stlichen und exotischen Geschm\u00e4ckern dieser faszinierenden Metropole. Die Sch\u00e4rfe von Ingwer und Galgant verbindet sich elegant mit dem erdigen Geschmack von Ginseng und den frischen Noten von Lemongrass und Limetten. Duftender Hafen \u2013 der Name ist Programm!\r\n\r\nJede Flasche ist nummeriert und auf die Charge auf 400 Flaschen begrenzt.","_et_gb_content_width":""},"product_cat":[32],"product_tag":[64,63,37,36,61,62,40,35],"_links":{"self":[{"href":"https:\/\/flightmode-gin.com\/en\/wp-json\/wp\/v2\/product\/1920"}],"collection":[{"href":"https:\/\/flightmode-gin.com\/en\/wp-json\/wp\/v2\/product"}],"about":[{"href":"https:\/\/flightmode-gin.com\/en\/wp-json\/wp\/v2\/types\/product"}],"replies":[{"embeddable":true,"href":"https:\/\/flightmode-gin.com\/en\/wp-json\/wp\/v2\/comments?post=1920"}],"wp:featuredmedia":[{"embeddable":true,"href":"https:\/\/flightmode-gin.com\/en\/wp-json\/wp\/v2\/media\/3074"}],"wp:attachment":[{"href":"https:\/\/flightmode-gin.com\/en\/wp-json\/wp\/v2\/media?parent=1920"}],"wp:term":[{"taxonomy":"product_cat","embeddable":true,"href":"https:\/\/flightmode-gin.com\/en\/wp-json\/wp\/v2\/product_cat?post=1920"},{"taxonomy":"product_tag","embeddable":true,"href":"https:\/\/flightmode-gin.com\/en\/wp-json\/wp\/v2\/product_tag?post=1920"}],"curies":[{"name":"wp","href":"https:\/\/api.w.org\/{rel}","templated":true}]}}