{"id":21,"date":"2020-11-24T17:53:38","date_gmt":"2020-11-24T17:53:38","guid":{"rendered":"http:\/\/flightmode-gin.com\/?post_type=product&#038;p=21"},"modified":"2026-03-11T07:12:11","modified_gmt":"2026-03-11T07:12:11","slug":"flight-mode-gin-hong-kong-edition-40-vol","status":"publish","type":"product","link":"https:\/\/flightmode-gin.com\/en\/product\/flight-mode-gin-hong-kong-edition-40-vol\/","title":{"rendered":"Flight Mode Gin | 0,5 l Hong Kong Edition 40% vol."},"content":{"rendered":"<p>This exclusive, handcrafted gin in a limited edition takes you on an exciting journey according to the motto \"West meets East\". As a former British colony, Hong Kong combines the classic juniper notes of gin with the Far Eastern and exotic flavours of this fascinating metropolis with a natural ease in our edition. The mild spiciness of ginger and galangal elegantly combines with the earthy taste of ginseng and the fresh notes of lemongrass and lime. Each bottle is numbered and the batch is limited to 400 bottles.<\/p>","protected":false},"excerpt":{"rendered":"<p>This exclusive, handcrafted gin in a limited edition takes you on an exciting journey according to the motto \"West meets East\".<\/p>\n<p>As a former British colony, Hong Kong combines the classic juniper notes of gin with the Far Eastern and exotic flavours of this fascinating metropolis with a natural ease in our edition. The mild spiciness of ginger and galangal elegantly combines with the earthy taste of ginseng and the fresh notes of lemongrass and lime.<\/p>\n<p>The spiciness of ginger and galangal elegantly combines with the earthy taste of ginseng and the fresh notes of lemongrass and lime. Fragrant Harbour - the name says it all!<\/p>\n<p>Each bottle is numbered and the batch is limited to 400 bottles.<\/p>","protected":false},"featured_media":3071,"comment_status":"open","ping_status":"closed","template":"","meta":{"_et_pb_use_builder":"off","_et_pb_old_content":"Dieser exklusive, handgemachte Gin in limitierter Edition nimmt Dich mit auf eine spannende Reise frei nach dem Motto \u00bbWest meets East\u00ab. Als ehemalige britische Kolonie verbindet Hongkong mit einer selbstverst\u00e4ndlichen Leichtigkeit in unserer Edition die klassischen Wacholdernoten des Gins mit den fern\u00f6stlichen und exotischen Geschm\u00e4ckern dieser faszinierenden Metropole. Die Sch\u00e4rfe von Ingwer und Galgant verbindet sich elegant mit dem erdigen Geschmack von Ginseng und den frischen Noten von Lemongrass und Limetten. Duftender Hafen \u2013 der Name ist Programm!\r\n\r\nJede Flasche ist nummeriert und auf die Charge auf 400 Flaschen begrenzt.","_et_gb_content_width":""},"product_cat":[32],"product_tag":[37,36,38,39,40,35],"_links":{"self":[{"href":"https:\/\/flightmode-gin.com\/en\/wp-json\/wp\/v2\/product\/21"}],"collection":[{"href":"https:\/\/flightmode-gin.com\/en\/wp-json\/wp\/v2\/product"}],"about":[{"href":"https:\/\/flightmode-gin.com\/en\/wp-json\/wp\/v2\/types\/product"}],"replies":[{"embeddable":true,"href":"https:\/\/flightmode-gin.com\/en\/wp-json\/wp\/v2\/comments?post=21"}],"wp:featuredmedia":[{"embeddable":true,"href":"https:\/\/flightmode-gin.com\/en\/wp-json\/wp\/v2\/media\/3071"}],"wp:attachment":[{"href":"https:\/\/flightmode-gin.com\/en\/wp-json\/wp\/v2\/media?parent=21"}],"wp:term":[{"taxonomy":"product_cat","embeddable":true,"href":"https:\/\/flightmode-gin.com\/en\/wp-json\/wp\/v2\/product_cat?post=21"},{"taxonomy":"product_tag","embeddable":true,"href":"https:\/\/flightmode-gin.com\/en\/wp-json\/wp\/v2\/product_tag?post=21"}],"curies":[{"name":"wp","href":"https:\/\/api.w.org\/{rel}","templated":true}]}}