{"id":2154,"date":"2022-09-27T22:36:41","date_gmt":"2022-09-27T22:36:41","guid":{"rendered":"https:\/\/flightmode-gin.com\/?post_type=product&#038;p=2154"},"modified":"2026-04-10T06:00:28","modified_gmt":"2026-04-10T06:00:28","slug":"flight-mode-gin-05-l-copenhagen-edition-40-vol","status":"publish","type":"product","link":"https:\/\/flightmode-gin.com\/en\/product\/flight-mode-gin-05-l-copenhagen-edition-40-vol\/","title":{"rendered":"Flight Mode Gin | 0,5 l Copenhagen Edition 40% vol."},"content":{"rendered":"<p><span style=\"font-size: 12pt;\"><strong>This exclusive, handcrafted gin takes you on a culinary journey to Scandinavian regions.<\/strong><\/span><\/p>\n<p><span style=\"font-size: 12pt;\">Copenhagen is considered a hotspot of Nordic cuisine, so the Copenhagen Edition is based on seasonal and regional ingredients. The gin captures the fruity taste of original fruits such as apple and quince.<\/span><\/p>\n<p style=\"text-align: justify;\"><span style=\"font-size: 12pt;\">The subtle hint of rowan berries enhances the fruity interplay. Traditional vegetables, such as beetroot and cucumber, give the edition a spicy and at the same time wonderfully refreshing gin experience.<\/span><\/p>\n<p><span style=\"font-size: 12pt;\">The gin-typical juniper makes the cosy hygge feeling perfect. Velkommen til K\u00f8benhavn!<\/span><\/p>\n<p><span style=\"font-size: 12pt;\">Each bottle is numbered and the batch is limited to 200 bottles.<\/span><\/p>","protected":false},"excerpt":{"rendered":"<p><span style=\"font-size: 12pt;\"><strong>This exclusive, handcrafted gin takes you on a culinary journey to Scandinavian regions.<\/strong><\/span><\/p>\n<p><span style=\"font-size: 12pt;\">Copenhagen is considered a hotspot of Nordic cuisine, so the Copenhagen Edition is based on seasonal and regional ingredients. The gin captures the fruity taste of original fruits such as apple and quince.<\/span><\/p>\n<p style=\"text-align: justify;\"><span style=\"font-size: 12pt;\">The subtle hint of rowan berries enhances the fruity interplay. Traditional vegetables, such as beetroot and cucumber, give the edition a spicy and at the same time wonderfully refreshing gin experience.<\/span><\/p>\n<p><span style=\"font-size: 12pt;\">The gin-typical juniper makes the cosy hygge feeling perfect. Velkommen til K\u00f8benhavn!<\/span><\/p>\n<p><span style=\"font-size: 12pt;\">Each bottle is numbered and the batch is limited to 200 bottles.<\/span><\/p>","protected":false},"featured_media":3072,"comment_status":"open","ping_status":"closed","template":"","meta":{"_et_pb_use_builder":"off","_et_pb_old_content":"Dieser exklusive, handgemachte Gin in limitierter Edition nimmt Dich mit auf eine spannende Reise frei nach dem Motto \u00bbWest meets East\u00ab. Als ehemalige britische Kolonie verbindet Hongkong mit einer selbstverst\u00e4ndlichen Leichtigkeit in unserer Edition die klassischen Wacholdernoten des Gins mit den fern\u00f6stlichen und exotischen Geschm\u00e4ckern dieser faszinierenden Metropole. Die Sch\u00e4rfe von Ingwer und Galgant verbindet sich elegant mit dem erdigen Geschmack von Ginseng und den frischen Noten von Lemongrass und Limetten. Duftender Hafen \u2013 der Name ist Programm!\r\n\r\nJede Flasche ist nummeriert und auf die Charge auf 400 Flaschen begrenzt.","_et_gb_content_width":""},"product_cat":[32],"product_tag":[67,70,66,64,37,36,68,69,62,40,35],"_links":{"self":[{"href":"https:\/\/flightmode-gin.com\/en\/wp-json\/wp\/v2\/product\/2154"}],"collection":[{"href":"https:\/\/flightmode-gin.com\/en\/wp-json\/wp\/v2\/product"}],"about":[{"href":"https:\/\/flightmode-gin.com\/en\/wp-json\/wp\/v2\/types\/product"}],"replies":[{"embeddable":true,"href":"https:\/\/flightmode-gin.com\/en\/wp-json\/wp\/v2\/comments?post=2154"}],"wp:featuredmedia":[{"embeddable":true,"href":"https:\/\/flightmode-gin.com\/en\/wp-json\/wp\/v2\/media\/3072"}],"wp:attachment":[{"href":"https:\/\/flightmode-gin.com\/en\/wp-json\/wp\/v2\/media?parent=2154"}],"wp:term":[{"taxonomy":"product_cat","embeddable":true,"href":"https:\/\/flightmode-gin.com\/en\/wp-json\/wp\/v2\/product_cat?post=2154"},{"taxonomy":"product_tag","embeddable":true,"href":"https:\/\/flightmode-gin.com\/en\/wp-json\/wp\/v2\/product_tag?post=2154"}],"curies":[{"name":"wp","href":"https:\/\/api.w.org\/{rel}","templated":true}]}}