{"id":2187,"date":"2022-11-03T14:29:37","date_gmt":"2022-11-03T14:29:37","guid":{"rendered":"https:\/\/flightmode-gin.com\/?post_type=product&#038;p=2187"},"modified":"2025-06-02T07:59:30","modified_gmt":"2025-06-02T07:59:30","slug":"flight-mode-gin-05-l-san-flencisco-limited-edition-40-vol","status":"publish","type":"product","link":"https:\/\/flightmode-gin.com\/en\/product\/flight-mode-gin-05-l-san-flencisco-limited-edition-40-vol\/","title":{"rendered":"Flight Mode Gin | 0,5 l San Flencisco Limited Edition 40% vol."},"content":{"rendered":"<p><span style=\"font-size: 12pt;\"><strong>Available now!<\/strong><\/span><\/p>\n<p>&nbsp;<\/p>\n<p><span style=\"font-size: 12pt;\"><strong>Powerlifting meets Gin!<\/strong><\/span><\/p>\n<p><span style=\"font-size: 12pt;\">This limited edition of 250 bottles is the result of a unique cooperation between Kilo\/Kilo and Flight Mode Gin. This handcrafted gin takes you on a culinary journey to the mountains of San Flenscisco, the home of Pascal Su. <\/span><\/p>\n<p><span style=\"font-size: 12pt;\">Based on the Copenhagen Edition, this Flight Mode Gin captures the fruity taste of original fruits such as apple and quince. The subtle hint of rowan berries enhances the fruity interplay.<\/span><\/p>\n<p><span style=\"font-size: 12pt;\">Traditional vegetables, such as beetroot and cucumber, give the edition a spicy yet wonderfully refreshing gin experience. The gin-typical juniper makes the pleasant high cripple feeling perfect!!<\/span><\/p>\n<p><span style=\"font-size: 12pt;\">Each bottle is numbered and the quantity of this Edition is limited to 250 bottles.<\/span><\/p>","protected":false},"excerpt":{"rendered":"<p><span style=\"font-size: 12pt;\"><strong>Available now!<\/strong><\/span><\/p>\n<p>&nbsp;<\/p>\n<p><span style=\"font-size: 12pt;\"><strong>Powerlifting meets Gin!<\/strong><\/span><\/p>\n<p><span style=\"font-size: 12pt;\">This limited edition of 250 bottles is the result of a unique cooperation between Kilo\/Kilo and Flight Mode Gin. This handcrafted gin takes you on a culinary journey to the mountains of San Flenscisco, the home of Pascal Su. <\/span><\/p>\n<p><span style=\"font-size: 12pt;\">Based on the Copenhagen Edition, this Flight Mode Gin captures the fruity taste of original fruits such as apple and quince. The subtle hint of rowan berries enhances the fruity interplay.<\/span><\/p>\n<p><span style=\"font-size: 12pt;\">Traditional vegetables, such as beetroot and cucumber, give the edition a spicy yet wonderfully refreshing gin experience. The gin-typical juniper makes the pleasant high cripple feeling perfect!!<\/span><\/p>\n<p><span style=\"font-size: 12pt;\">Each bottle is numbered and the quantity of this Edition is limited to 250 bottles.<\/span><\/p>","protected":false},"featured_media":2188,"comment_status":"open","ping_status":"closed","template":"","meta":{"_et_pb_use_builder":"off","_et_pb_old_content":"Dieser exklusive, handgemachte Gin in limitierter Edition nimmt Dich mit auf eine spannende Reise frei nach dem Motto \u00bbWest meets East\u00ab. Als ehemalige britische Kolonie verbindet Hongkong mit einer selbstverst\u00e4ndlichen Leichtigkeit in unserer Edition die klassischen Wacholdernoten des Gins mit den fern\u00f6stlichen und exotischen Geschm\u00e4ckern dieser faszinierenden Metropole. Die Sch\u00e4rfe von Ingwer und Galgant verbindet sich elegant mit dem erdigen Geschmack von Ginseng und den frischen Noten von Lemongrass und Limetten. Duftender Hafen \u2013 der Name ist Programm!\r\n\r\nJede Flasche ist nummeriert und auf die Charge auf 400 Flaschen begrenzt.","_et_gb_content_width":""},"product_cat":[32],"product_tag":[67,70,66,64,37,36,68,69,71,62,40,35],"_links":{"self":[{"href":"https:\/\/flightmode-gin.com\/en\/wp-json\/wp\/v2\/product\/2187"}],"collection":[{"href":"https:\/\/flightmode-gin.com\/en\/wp-json\/wp\/v2\/product"}],"about":[{"href":"https:\/\/flightmode-gin.com\/en\/wp-json\/wp\/v2\/types\/product"}],"replies":[{"embeddable":true,"href":"https:\/\/flightmode-gin.com\/en\/wp-json\/wp\/v2\/comments?post=2187"}],"wp:featuredmedia":[{"embeddable":true,"href":"https:\/\/flightmode-gin.com\/en\/wp-json\/wp\/v2\/media\/2188"}],"wp:attachment":[{"href":"https:\/\/flightmode-gin.com\/en\/wp-json\/wp\/v2\/media?parent=2187"}],"wp:term":[{"taxonomy":"product_cat","embeddable":true,"href":"https:\/\/flightmode-gin.com\/en\/wp-json\/wp\/v2\/product_cat?post=2187"},{"taxonomy":"product_tag","embeddable":true,"href":"https:\/\/flightmode-gin.com\/en\/wp-json\/wp\/v2\/product_tag?post=2187"}],"curies":[{"name":"wp","href":"https:\/\/api.w.org\/{rel}","templated":true}]}}