{"id":2576,"date":"2023-07-13T19:04:26","date_gmt":"2023-07-13T19:04:26","guid":{"rendered":"https:\/\/flightmode-gin.com\/?post_type=product&#038;p=2576"},"modified":"2026-04-21T09:16:13","modified_gmt":"2026-04-21T09:16:13","slug":"flight-mode-gin-05-l-miami-edition-40-vol","status":"publish","type":"product","link":"https:\/\/flightmode-gin.com\/en\/product\/flight-mode-gin-05-l-miami-edition-40-vol\/","title":{"rendered":"Flight Mode Gin | 0,5 l Miami Edition 40% vol."},"content":{"rendered":"<p style=\"text-align: justify;\"><span style=\"font-size: 12pt; text-align: left;\"><strong>This exclusive, handmade gin takes you on a journey to the sunny climes of Florida.<\/strong> <\/span><\/p>\n<p style=\"text-align: justify;\"><span style=\"font-size: 12pt; text-align: left;\">The juicy sweetness of ripe bananas adds a delicious tropical nuance to the traditional juniper base. The taste of fresh mango and passion fruit adds a touch of sunshine. <\/span><\/p>\n<p style=\"text-align: justify;\"><span style=\"font-size: 12pt; text-align: left;\">Um das von Miami inspirierte Geschmackserlebnis noch zu verst\u00e4rken, verleihen die zarten Litschi-Noten dieser Edition eine wunderbar blumige S\u00fc\u00dfe. <\/span><\/p>\n<p style=\"text-align: justify;\"><span style=\"font-size: 12pt; text-align: left;\">Der fruchtige Geschmack der Orange sorgt f\u00fcr einen erfrischenden Kick im Abgang. Dieser erinnert an die F\u00fclle der Zitrusfr\u00fcchte im Sunshine State Florida und versetzt Dich mit jedem Schluck nach South Beach. Welcome to Miami! <\/span><\/p>\n<p><span style=\"font-size: 12pt;\">Each bottle is numbered and the batch is limited to 200 bottles.<\/span><\/p>","protected":false},"excerpt":{"rendered":"<p style=\"text-align: justify;\"><span style=\"font-size: 12pt; text-align: left;\"><strong>This exclusive, handmade gin takes you on a journey to the sunny climes of Florida.<\/strong> <\/span><\/p>\n<p style=\"text-align: justify;\"><span style=\"font-size: 12pt; text-align: left;\">The juicy sweetness of ripe bananas adds a delicious tropical nuance to the traditional juniper base. The taste of fresh mango and passion fruit adds a touch of sunshine. <\/span><\/p>\n<p style=\"text-align: justify;\"><span style=\"font-size: 12pt; text-align: left;\">Um das von Miami inspirierte Geschmackserlebnis noch zu verst\u00e4rken, verleihen die zarten Litschi-Noten dieser Edition eine wunderbar blumige S\u00fc\u00dfe. <\/span><\/p>\n<p style=\"text-align: justify;\"><span style=\"font-size: 12pt; text-align: left;\">Der fruchtige Geschmack der Orange sorgt f\u00fcr einen erfrischenden Kick im Abgang. Dieser erinnert an die F\u00fclle der Zitrusfr\u00fcchte im Sunshine State Florida und versetzt Dich mit jedem Schluck nach South Beach. Welcome to Miami! <\/span><\/p>\n<p><span style=\"font-size: 12pt;\">Each bottle is numbered and the batch is limited to 200 bottles.<\/span><\/p>","protected":false},"featured_media":3064,"comment_status":"open","ping_status":"closed","template":"","meta":{"_et_pb_use_builder":"off","_et_pb_old_content":"Dieser exklusive, handgemachte Gin in limitierter Edition nimmt Dich mit auf eine spannende Reise frei nach dem Motto \u00bbWest meets East\u00ab. Als ehemalige britische Kolonie verbindet Hongkong mit einer selbstverst\u00e4ndlichen Leichtigkeit in unserer Edition die klassischen Wacholdernoten des Gins mit den fern\u00f6stlichen und exotischen Geschm\u00e4ckern dieser faszinierenden Metropole. Die Sch\u00e4rfe von Ingwer und Galgant verbindet sich elegant mit dem erdigen Geschmack von Ginseng und den frischen Noten von Lemongrass und Limetten. Duftender Hafen \u2013 der Name ist Programm!\r\n\r\nJede Flasche ist nummeriert und auf die Charge auf 400 Flaschen begrenzt.","_et_gb_content_width":""},"product_cat":[32],"product_tag":[79,78,64,80,37,36,77,40,35,81],"_links":{"self":[{"href":"https:\/\/flightmode-gin.com\/en\/wp-json\/wp\/v2\/product\/2576"}],"collection":[{"href":"https:\/\/flightmode-gin.com\/en\/wp-json\/wp\/v2\/product"}],"about":[{"href":"https:\/\/flightmode-gin.com\/en\/wp-json\/wp\/v2\/types\/product"}],"replies":[{"embeddable":true,"href":"https:\/\/flightmode-gin.com\/en\/wp-json\/wp\/v2\/comments?post=2576"}],"wp:featuredmedia":[{"embeddable":true,"href":"https:\/\/flightmode-gin.com\/en\/wp-json\/wp\/v2\/media\/3064"}],"wp:attachment":[{"href":"https:\/\/flightmode-gin.com\/en\/wp-json\/wp\/v2\/media?parent=2576"}],"wp:term":[{"taxonomy":"product_cat","embeddable":true,"href":"https:\/\/flightmode-gin.com\/en\/wp-json\/wp\/v2\/product_cat?post=2576"},{"taxonomy":"product_tag","embeddable":true,"href":"https:\/\/flightmode-gin.com\/en\/wp-json\/wp\/v2\/product_tag?post=2576"}],"curies":[{"name":"wp","href":"https:\/\/api.w.org\/{rel}","templated":true}]}}