{"id":2775,"date":"2023-09-29T17:46:14","date_gmt":"2023-09-29T17:46:14","guid":{"rendered":"https:\/\/flightmode-gin.com\/?post_type=product&#038;p=2775"},"modified":"2026-04-15T18:41:11","modified_gmt":"2026-04-15T18:41:11","slug":"bvb-x-flight-mode-gin-05-l-dortmund-edition-40-vol","status":"publish","type":"product","link":"https:\/\/flightmode-gin.com\/en\/product\/bvb-x-flight-mode-gin-05-l-dortmund-edition-40-vol\/","title":{"rendered":"BVB Gin x Flight Mode | 0,5 l Dortmund Edition 40% vol."},"content":{"rendered":"<p>With the new Flight Mode Edition, a unique gin has been created in cooperation with BVB that combines the taste of the Ruhr region and the passion of the fans for Borussia in a unique way.<\/p>\n<p style=\"text-align: justify;\"><span style=\"font-size: 12pt;\">The gin is a delicious blend of fruity and spicy flavors that grow in the allotment gardens around the stadium. <\/span><\/p>\n<p style=\"text-align: justify;\"><span style=\"font-size: 12pt;\">The raspberry gives the gin a sweet fruitiness. True to the motto of BVB legend Lothar Emmerich (\"Give me the cherry!\"), the cherry is of course an essential botanical in the black and yellow edition. Juniper, the basis of every gin, gives the gin a wonderfully spicy note. Woodruff and the hops typical of Dortmund provide a fine, grassy freshness. <\/span><\/p>\n<p style=\"text-align: justify;\"><span style=\"font-size: 12pt;\">In this respect, this gin was not only inspired by the most beautiful stadium in the world, but above all was made for the best fans in the world.<\/span><\/p>\n<p><span style=\"font-size: 12pt;\">Jede Flasche ist nummeriert und jede Charge auf 500 Flaschen begrenzt.<\/span><\/p>","protected":false},"excerpt":{"rendered":"<p style=\"text-align: justify;\"><strong><span style=\"font-size: 12pt;\">With the new Flight Mode Edition, a unique gin has been created in cooperation with BVB that combines the taste of the Ruhr region and the passion of the fans for Borussia in a unique way. <\/span><\/strong><\/p>\n<p style=\"text-align: justify;\"><span style=\"font-size: 12pt;\">The gin is a delicious blend of fruity and spicy flavors that grow in the allotment gardens around the stadium. <\/span><\/p>\n<p style=\"text-align: justify;\"><span style=\"font-size: 12pt;\">The raspberry gives the gin a sweet fruitiness. True to the motto of BVB legend Lothar Emmerich (\"Give me the cherry!\"), the cherry is of course an essential botanical in the black and yellow edition. Juniper, the basis of every gin, gives the gin a wonderfully spicy note. Woodruff and the hops typical of Dortmund provide a fine, grassy freshness. <\/span><\/p>\n<p style=\"text-align: justify;\"><span style=\"font-size: 12pt;\">In this respect, this gin was not only inspired by the most beautiful stadium in the world, but above all was made for the best fans in the world.<\/span><\/p>\n<p><span style=\"font-size: 12pt;\">Jede Flasche ist nummeriert und jede Charge auf 500 Flaschen begrenzt.<\/span><\/p>","protected":false},"featured_media":3073,"comment_status":"open","ping_status":"closed","template":"","meta":{"_et_pb_use_builder":"off","_et_pb_old_content":"<p style=\"text-align: justify\"><strong><span style=\"font-size: 12pt\">Mit der neuen Flight Mode Edition ist in Kooperation mit dem BVB ein einzigartiger Gin entstanden, der den Geschmack des Ruhrgebiets und die Leidenschaft der Fans f\u00fcr die Borussia auf einzigartige Weise verbindet. <\/span><\/strong><\/p>\r\n<p style=\"text-align: justify\"><span style=\"font-size: 12pt\">Der Gin ist eine k\u00f6stliche Mischung aus fruchtigen und w\u00fcrzigen Geschmackskomponenten, die in den Schreberg\u00e4rten rund um das Stadion wachsen. <\/span><\/p>\r\n<p style=\"text-align: justify\"><span style=\"font-size: 12pt\">Die Himbeere verleiht dem Gin eine s\u00fc\u00dfe Fruchtigkeit. Ganz nach dem Motto von BVB-Legende Lothar Emmerich (\u201eGib mich die Kirsche!\u201c), darf die Kirsche als Botanical in der schwarzgelben Edition nat\u00fcrlich nicht fehlen. Wacholder, die Basis eines jeden Gins, verleiht dem Gin eine wunderbar w\u00fcrzige Note. Waldmeister und der f\u00fcr Dortmund typische Hopfen sorgen f\u00fcr eine feine, grasige Frische. <\/span><\/p>\r\n<p style=\"text-align: justify\"><span style=\"font-size: 12pt\">Insofern wurde dieser Gin nicht nur vom sch\u00f6nsten Stadion der Welt inspiriert, sondern vor allem f\u00fcr die besten Fans der Welt gemacht.<\/span><\/p>\r\n<span style=\"font-size: 12pt\">Jede Flasche ist nummeriert und die Charge auf 500 Flaschen begrenzt.<\/span>","_et_gb_content_width":""},"product_cat":[32],"product_tag":[90,91,64,80,37,92,36,40,35,93,88,87,94],"_links":{"self":[{"href":"https:\/\/flightmode-gin.com\/en\/wp-json\/wp\/v2\/product\/2775"}],"collection":[{"href":"https:\/\/flightmode-gin.com\/en\/wp-json\/wp\/v2\/product"}],"about":[{"href":"https:\/\/flightmode-gin.com\/en\/wp-json\/wp\/v2\/types\/product"}],"replies":[{"embeddable":true,"href":"https:\/\/flightmode-gin.com\/en\/wp-json\/wp\/v2\/comments?post=2775"}],"wp:featuredmedia":[{"embeddable":true,"href":"https:\/\/flightmode-gin.com\/en\/wp-json\/wp\/v2\/media\/3073"}],"wp:attachment":[{"href":"https:\/\/flightmode-gin.com\/en\/wp-json\/wp\/v2\/media?parent=2775"}],"wp:term":[{"taxonomy":"product_cat","embeddable":true,"href":"https:\/\/flightmode-gin.com\/en\/wp-json\/wp\/v2\/product_cat?post=2775"},{"taxonomy":"product_tag","embeddable":true,"href":"https:\/\/flightmode-gin.com\/en\/wp-json\/wp\/v2\/product_tag?post=2775"}],"curies":[{"name":"wp","href":"https:\/\/api.w.org\/{rel}","templated":true}]}}