{"id":3101,"date":"2024-06-04T15:05:48","date_gmt":"2024-06-04T15:05:48","guid":{"rendered":"https:\/\/flightmode-gin.com\/?post_type=product&#038;p=3101"},"modified":"2026-04-13T18:40:26","modified_gmt":"2026-04-13T18:40:26","slug":"bvb-gin-x-flight-mode-05-l-stadionjubilaeums-edition-40-vol","status":"publish","type":"product","link":"https:\/\/flightmode-gin.com\/en\/product\/bvb-gin-x-flight-mode-05-l-stadionjubilaeums-edition-40-vol\/","title":{"rendered":"BVB Gin x Flight Mode | 0,5 l Stadionjubil\u00e4ums-Edition 40% vol."},"content":{"rendered":"<p><span style=\"font-size: 12pt;\">Flight Mode Gin und der BVB pr\u00e4sentieren anl\u00e4sslich des 50-j\u00e4hrigen Stadionjubil\u00e4ums eine exklusive Sonderedition. <\/span><\/p>\n<p><span style=\"font-size: 12pt;\">Die Botanicals Kirsche, Himbeere und Vogelbeere schn\u00fcren einen lupenreinen Dreierpack, dessen Zusammenstellung eigens f\u00fcr diese Edition entwickelt wurde. <\/span><\/p>\n<p><span style=\"font-size: 12pt;\">W\u00e4hrend die Kirsche dem Gin eine s\u00fc\u00dfe Note verleiht, sorgt die Himbeere f\u00fcr geschmackliche Frische. Die Vogelbeere als Zeichen der Best\u00e4ndigkeit vermittelt ein Gef\u00fchl von Tradition und erinnert an das reiche Erbe von Borussia Dortmund.<\/span><\/p>\n<p><span style=\"font-size: 12pt;\">Genie\u00dft diesen exquisiten Gin zu Ehren der Heimspielst\u00e4tte, die nun seit 50 Jahren unz\u00e4hlige Fans vereint und deren tiefste Emotionen weckt. Ein Gin f\u00fcr die besten Fans der Welt.<\/span><\/p>\n<p><span style=\"font-size: 12pt;\">Jede Flasche ist nummeriert und jede Charge auf 700 Flaschen begrenzt.<\/span><\/p>","protected":false},"excerpt":{"rendered":"<p><span style=\"font-size: 12pt;\">Flight Mode Gin und der BVB pr\u00e4sentieren anl\u00e4sslich des 50-j\u00e4hrigen Stadionjubil\u00e4ums eine exklusive Sonderedition. <\/span><\/p>\n<p><span style=\"font-size: 12pt;\">Die Botanicals Kirsche, Himbeere und Vogelbeere schn\u00fcren einen lupenreinen Dreierpack, dessen Zusammenstellung eigens f\u00fcr diese Edition entwickelt wurde. <\/span><\/p>\n<p><span style=\"font-size: 12pt;\">W\u00e4hrend die Kirsche dem Gin eine s\u00fc\u00dfe Note verleiht, sorgt die Himbeere f\u00fcr geschmackliche Frische. Die Vogelbeere als Zeichen der Best\u00e4ndigkeit vermittelt ein Gef\u00fchl von Tradition und erinnert an das reiche Erbe von Borussia Dortmund.<\/span><\/p>\n<p><span style=\"font-size: 12pt;\">Genie\u00dft diesen exquisiten Gin zu Ehren der Heimspielst\u00e4tte, die nun seit 50 Jahren unz\u00e4hlige Fans vereint und deren tiefste Emotionen weckt. Ein Gin f\u00fcr die besten Fans der Welt.<\/span><\/p>\n<p><span style=\"font-size: 12pt;\">Jede Flasche ist nummeriert und jede Charge auf 700 Flaschen begrenzt.<\/span><\/p>","protected":false},"featured_media":3124,"comment_status":"open","ping_status":"closed","template":"","meta":{"_et_pb_use_builder":"off","_et_pb_old_content":"<p style=\"text-align: justify\"><strong><span style=\"font-size: 12pt\">Mit der neuen Flight Mode Edition ist in Kooperation mit dem BVB ein einzigartiger Gin entstanden, der den Geschmack des Ruhrgebiets und die Leidenschaft der Fans f\u00fcr die Borussia auf einzigartige Weise verbindet. <\/span><\/strong><\/p>\r\n<p style=\"text-align: justify\"><span style=\"font-size: 12pt\">Der Gin ist eine k\u00f6stliche Mischung aus fruchtigen und w\u00fcrzigen Geschmackskomponenten, die in den Schreberg\u00e4rten rund um das Stadion wachsen. <\/span><\/p>\r\n<p style=\"text-align: justify\"><span style=\"font-size: 12pt\">Die Himbeere verleiht dem Gin eine s\u00fc\u00dfe Fruchtigkeit. Ganz nach dem Motto von BVB-Legende Lothar Emmerich (\u201eGib mich die Kirsche!\u201c), darf die Kirsche als Botanical in der schwarzgelben Edition nat\u00fcrlich nicht fehlen. Wacholder, die Basis eines jeden Gins, verleiht dem Gin eine wunderbar w\u00fcrzige Note. Waldmeister und der f\u00fcr Dortmund typische Hopfen sorgen f\u00fcr eine feine, grasige Frische. <\/span><\/p>\r\n<p style=\"text-align: justify\"><span style=\"font-size: 12pt\">Insofern wurde dieser Gin nicht nur vom sch\u00f6nsten Stadion der Welt inspiriert, sondern vor allem f\u00fcr die besten Fans der Welt gemacht.<\/span><\/p>\r\n<span style=\"font-size: 12pt\">Jede Flasche ist nummeriert und die Charge auf 500 Flaschen begrenzt.<\/span>","_et_gb_content_width":""},"product_cat":[32],"product_tag":[90,91,64,80,37,92,36,40,35,93,97,88,87,94],"_links":{"self":[{"href":"https:\/\/flightmode-gin.com\/en\/wp-json\/wp\/v2\/product\/3101"}],"collection":[{"href":"https:\/\/flightmode-gin.com\/en\/wp-json\/wp\/v2\/product"}],"about":[{"href":"https:\/\/flightmode-gin.com\/en\/wp-json\/wp\/v2\/types\/product"}],"replies":[{"embeddable":true,"href":"https:\/\/flightmode-gin.com\/en\/wp-json\/wp\/v2\/comments?post=3101"}],"wp:featuredmedia":[{"embeddable":true,"href":"https:\/\/flightmode-gin.com\/en\/wp-json\/wp\/v2\/media\/3124"}],"wp:attachment":[{"href":"https:\/\/flightmode-gin.com\/en\/wp-json\/wp\/v2\/media?parent=3101"}],"wp:term":[{"taxonomy":"product_cat","embeddable":true,"href":"https:\/\/flightmode-gin.com\/en\/wp-json\/wp\/v2\/product_cat?post=3101"},{"taxonomy":"product_tag","embeddable":true,"href":"https:\/\/flightmode-gin.com\/en\/wp-json\/wp\/v2\/product_tag?post=3101"}],"curies":[{"name":"wp","href":"https:\/\/api.w.org\/{rel}","templated":true}]}}